{"id":328,"date":"2024-03-02T08:43:30","date_gmt":"2024-03-02T08:43:30","guid":{"rendered":"https:\/\/leclosparis.com\/?page_id=328"},"modified":"2026-04-16T11:36:10","modified_gmt":"2026-04-16T11:36:10","slug":"homepage","status":"publish","type":"page","link":"https:\/\/leclosparis.com\/fr\/","title":{"rendered":"Accueil"},"content":{"rendered":"<div data-elementor-type=\"wp-page\" data-elementor-id=\"328\" class=\"elementor elementor-328\" data-elementor-post-type=\"page\">\n\t\t\t\t<div class=\"elementor-element elementor-element-325665e e-con-full e-flex e-con e-parent\" data-id=\"325665e\" data-element_type=\"container\" data-settings=\"{&quot;background_background&quot;:&quot;classic&quot;}\">\n\t\t\t\t<\/div>\n\t\t<div class=\"elementor-element elementor-element-982eb7d e-con-full e-flex e-con e-parent\" data-id=\"982eb7d\" data-element_type=\"container\">\n\t\t<div class=\"elementor-element elementor-element-5dbf9ba e-flex e-con-boxed e-con e-child\" data-id=\"5dbf9ba\" data-element_type=\"container\" data-settings=\"{&quot;background_background&quot;:&quot;classic&quot;}\">\n\t\t\t\t\t<div class=\"e-con-inner\">\n\t\t\t\t<div class=\"elementor-element elementor-element-053d5ee elementor-invisible elementor-widget elementor-widget-heading\" data-id=\"053d5ee\" data-element_type=\"widget\" data-settings=\"{&quot;_animation&quot;:&quot;fadeInUp&quot;}\" data-widget_type=\"heading.default\">\n\t\t\t\t<div class=\"elementor-widget-container\">\n\t\t\t\t\t<h2 class=\"elementor-heading-title elementor-size-default\">L\u2019\u00c9CLOS:<\/h2>\t\t\t\t<\/div>\n\t\t\t\t<\/div>\n\t\t\t\t<div class=\"elementor-element elementor-element-9318b52 elementor-invisible elementor-widget elementor-widget-text-editor\" data-id=\"9318b52\" data-element_type=\"widget\" data-settings=\"{&quot;_animation&quot;:&quot;fadeInUp&quot;}\" data-widget_type=\"text-editor.default\">\n\t\t\t\t<div class=\"elementor-widget-container\">\n\t\t\t\t\t\t\t\t\t<p>Une communaut\u00e9 de Chefs talentueux et flexibles internationaux d\u00e9di\u00e9s \u00e0 votre accompagnement, quels que soient vos projets<\/p>\t\t\t\t\t\t\t\t<\/div>\n\t\t\t\t<\/div>\n\t\t\t\t\t<\/div>\n\t\t\t\t<\/div>\n\t\t\t\t<\/div>\n\t\t<div class=\"elementor-element elementor-element-17e186f e-con-full e-flex e-con e-parent\" data-id=\"17e186f\" data-element_type=\"container\" data-settings=\"{&quot;background_background&quot;:&quot;classic&quot;}\">\n\t\t<div class=\"elementor-element elementor-element-97efe15 e-flex e-con-boxed e-con e-child\" data-id=\"97efe15\" data-element_type=\"container\">\n\t\t\t\t\t<div class=\"e-con-inner\">\n\t\t\t\t<div class=\"elementor-element elementor-element-c6bcf94 elementor-widget__width-initial elementor-invisible elementor-widget elementor-widget-text-editor\" data-id=\"c6bcf94\" data-element_type=\"widget\" data-settings=\"{&quot;_animation&quot;:&quot;fadeInUp&quot;}\" data-widget_type=\"text-editor.default\">\n\t\t\t\t<div class=\"elementor-widget-container\">\n\t\t\t\t\t\t\t\t\t<p>Cherchez-vous \u00e0 \u00e9laborer des recettes innovantes ou \u00e0 r\u00e9inventer votre menu ? Apportez une touche de fra\u00eecheur \u00e0 vos offres culinaires avec nos propositions inventives. <strong>Il n'a jamais \u00e9t\u00e9 aussi facile d'acc\u00e9der \u00e0 une grande cr\u00e9ativit\u00e9 et une haute qualit\u00e9 !<\/strong><\/p><p>Pour b\u00e9n\u00e9ficier de l'expertise et de la vision de nos chefs, inutile de chercher ind\u00e9finiment. Partagez-nous simplement vos envies et nous nous occupons du reste.<\/p>\t\t\t\t\t\t\t\t<\/div>\n\t\t\t\t<\/div>\n\t\t\t\t<div class=\"elementor-element elementor-element-c5fe927 elementor-invisible elementor-widget elementor-widget-button\" data-id=\"c5fe927\" data-element_type=\"widget\" data-settings=\"{&quot;_animation&quot;:&quot;fadeInUp&quot;}\" data-widget_type=\"button.default\">\n\t\t\t\t<div class=\"elementor-widget-container\">\n\t\t\t\t\t\t\t\t\t<div class=\"elementor-button-wrapper\">\n\t\t\t\t\t<a class=\"elementor-button elementor-button-link elementor-size-sm\" href=\"https:\/\/leclosparis.com\/fr\/about\/\">\n\t\t\t\t\t\t<span class=\"elementor-button-content-wrapper\">\n\t\t\t\t\t\t\t\t\t<span class=\"elementor-button-text\">En savoir plus<\/span>\n\t\t\t\t\t<\/span>\n\t\t\t\t\t<\/a>\n\t\t\t\t<\/div>\n\t\t\t\t\t\t\t\t<\/div>\n\t\t\t\t<\/div>\n\t\t\t\t\t<\/div>\n\t\t\t\t<\/div>\n\t\t<div class=\"elementor-element elementor-element-2a22a0e e-flex e-con-boxed e-con e-child\" data-id=\"2a22a0e\" data-element_type=\"container\">\n\t\t\t\t\t<div class=\"e-con-inner\">\n\t\t\t\t\t<\/div>\n\t\t\t\t<\/div>\n\t\t\t\t<\/div>\n\t\t<div class=\"elementor-element elementor-element-a28ae6d e-con-full e-flex e-con e-parent\" data-id=\"a28ae6d\" data-element_type=\"container\" data-settings=\"{&quot;background_background&quot;:&quot;classic&quot;}\">\n\t\t<div class=\"elementor-element elementor-element-0387c3f e-con-full e-flex e-con e-child\" data-id=\"0387c3f\" data-element_type=\"container\" data-settings=\"{&quot;background_background&quot;:&quot;classic&quot;}\">\n\t\t\t\t<\/div>\n\t\t<div class=\"elementor-element elementor-element-d42150e e-con-full e-flex e-con e-child\" data-id=\"d42150e\" data-element_type=\"container\" data-settings=\"{&quot;background_background&quot;:&quot;classic&quot;}\">\n\t\t\t\t<div class=\"elementor-element elementor-element-ddbd19c elementor-invisible elementor-widget elementor-widget-heading\" data-id=\"ddbd19c\" data-element_type=\"widget\" data-settings=\"{&quot;_animation&quot;:&quot;fadeInUp&quot;}\" data-widget_type=\"heading.default\">\n\t\t\t\t<div class=\"elementor-widget-container\">\n\t\t\t\t\t<h1 class=\"elementor-heading-title elementor-size-default\">Contactez-nous<br>\net laissez la magie<br>\n op\u00e9rer<\/h1>\t\t\t\t<\/div>\n\t\t\t\t<\/div>\n\t\t\t\t<div class=\"elementor-element elementor-element-5522c27 elementor-widget__width-initial elementor-invisible elementor-widget elementor-widget-text-editor\" data-id=\"5522c27\" data-element_type=\"widget\" data-settings=\"{&quot;_animation&quot;:&quot;fadeInUp&quot;}\" data-widget_type=\"text-editor.default\">\n\t\t\t\t<div class=\"elementor-widget-container\">\n\t\t\t\t\t\t\t\t\t<p>Nous \u00e9laborerons une offre qui correspond \u00e0 vos besoins sp\u00e9cifiques avec le chef id\u00e9al. Votre r\u00eave culinaire, personnalis\u00e9 rien que pour vous.<\/p>\t\t\t\t\t\t\t\t<\/div>\n\t\t\t\t<\/div>\n\t\t\t\t<\/div>\n\t\t\t\t<\/div>\n\t\t<div class=\"elementor-element elementor-element-0b36d8c e-con-full e-flex e-con e-parent\" data-id=\"0b36d8c\" data-element_type=\"container\">\n\t\t\t\t<div class=\"elementor-element elementor-element-b55b0cd elementor-invisible elementor-widget elementor-widget-html\" data-id=\"b55b0cd\" data-element_type=\"widget\" data-settings=\"{&quot;_animation&quot;:&quot;fadeIn&quot;}\" data-widget_type=\"html.default\">\n\t\t\t\t<div class=\"elementor-widget-container\">\n\t\t\t\t\t<div class=\"flags-container\">\n    <div class=\"flag-slider one reverse\"><\/div>\n    <\/div>\t\t\t\t<\/div>\n\t\t\t\t<\/div>\n\t\t\t\t<\/div>\n\t\t<div class=\"elementor-element elementor-element-36ea646 e-con-full e-flex elementor-invisible e-con e-parent\" data-id=\"36ea646\" data-element_type=\"container\" data-settings=\"{&quot;animation&quot;:&quot;fadeInUp&quot;}\">\n\t\t<div class=\"elementor-element elementor-element-4dac313 e-con-full e-flex e-con e-child\" data-id=\"4dac313\" data-element_type=\"container\" data-settings=\"{&quot;background_background&quot;:&quot;classic&quot;}\">\n\t\t\t\t<div class=\"elementor-element elementor-element-f283796 elementor-widget elementor-widget-heading\" data-id=\"f283796\" data-element_type=\"widget\" data-widget_type=\"heading.default\">\n\t\t\t\t<div class=\"elementor-widget-container\">\n\t\t\t\t\t<h2 class=\"elementor-heading-title elementor-size-default\">R\u00e9server un Chef<\/h2>\t\t\t\t<\/div>\n\t\t\t\t<\/div>\n\t\t<div class=\"elementor-element elementor-element-9afdca4 e-flex e-con-boxed e-con e-child\" data-id=\"9afdca4\" data-element_type=\"container\">\n\t\t\t\t\t<div class=\"e-con-inner\">\n\t\t\t\t<div class=\"elementor-element elementor-element-44a3765 elementor-widget elementor-widget-text-editor\" data-id=\"44a3765\" data-element_type=\"widget\" data-widget_type=\"text-editor.default\">\n\t\t\t\t<div class=\"elementor-widget-container\">\n\t\t\t\t\t\t\t\t\t<div id=\"content-inspection-panel\" class=\"raw_components--panel--YDedw inspect_panels--inspectionPanel--o9CfO\" tabindex=\"-1\" data-testid=\"content-inspection-panel\"><div class=\"inspect_panels--copyableRow--ecLWm inspect_panels--highlightRow--BeZQJ ellipsis--ellipsis--70pHK\"><div class=\"inspect_panels--propertyRowContent--qvupJ inspect_panels--copyableRow--ecLWm inspect_panels--highlightRow--BeZQJ ellipsis--ellipsis--70pHK\"><div class=\"inspect_panels--contentProperty--McE5j text--fontPos11--rO47d text--_fontBase--VaHfk ellipsis--ellipsisAfter8Lines--2JTeB ellipsis--_ellipsisAfterNLines--5f-ox\" dir=\"auto\">Je suis un \u00e9tablissement culinaire \u00e0 la recherche d\u2019un talent<\/div><\/div><\/div><\/div>\t\t\t\t\t\t\t\t<\/div>\n\t\t\t\t<\/div>\n\t\t\t\t<div class=\"elementor-element elementor-element-cc54da2 elementor-align-center elementor-invisible elementor-widget elementor-widget-button\" data-id=\"cc54da2\" data-element_type=\"widget\" data-settings=\"{&quot;_animation&quot;:&quot;fadeInUp&quot;}\" data-no-translation=\"\" data-widget_type=\"button.default\">\n\t\t\t\t<div class=\"elementor-widget-container\">\n\t\t\t\t\t<style>.elementor-element-cc54da2{display:none !important}<\/style>\t\t\t\t<\/div>\n\t\t\t\t<\/div>\n\t\t\t\t<div class=\"elementor-element elementor-element-fd67b52 elementor-align-center elementor-invisible elementor-widget elementor-widget-button\" data-id=\"fd67b52\" data-element_type=\"widget\" data-settings=\"{&quot;_animation&quot;:&quot;fadeInUp&quot;}\" data-no-translation=\"\" data-widget_type=\"button.default\">\n\t\t\t\t<div class=\"elementor-widget-container\">\n\t\t\t\t\t\t\t\t\t<div class=\"elementor-button-wrapper\">\n\t\t\t\t\t<a class=\"elementor-button elementor-button-link elementor-size-sm\" href=\"https:\/\/5yjanvut6c9.typeform.com\/to\/e5ifQTKW\">\n\t\t\t\t\t\t<span class=\"elementor-button-content-wrapper\">\n\t\t\t\t\t\t\t\t\t<span class=\"elementor-button-text\">Remplissez le formulaire<\/span>\n\t\t\t\t\t<\/span>\n\t\t\t\t\t<\/a>\n\t\t\t\t<\/div>\n\t\t\t\t\t\t\t\t<\/div>\n\t\t\t\t<\/div>\n\t\t\t\t\t<\/div>\n\t\t\t\t<\/div>\n\t\t\t\t<\/div>\n\t\t<div class=\"elementor-element elementor-element-c7340b0 e-con-full e-flex e-con e-child\" data-id=\"c7340b0\" data-element_type=\"container\" data-settings=\"{&quot;background_background&quot;:&quot;classic&quot;}\">\n\t\t\t\t<div class=\"elementor-element elementor-element-12c3dd7 elementor-widget elementor-widget-heading\" data-id=\"12c3dd7\" data-element_type=\"widget\" data-widget_type=\"heading.default\">\n\t\t\t\t<div class=\"elementor-widget-container\">\n\t\t\t\t\t<h2 class=\"elementor-heading-title elementor-size-default\">Rejoignez-nous<\/h2>\t\t\t\t<\/div>\n\t\t\t\t<\/div>\n\t\t<div class=\"elementor-element elementor-element-f9e5b25 e-flex e-con-boxed e-con e-child\" data-id=\"f9e5b25\" data-element_type=\"container\">\n\t\t\t\t\t<div class=\"e-con-inner\">\n\t\t\t\t<div class=\"elementor-element elementor-element-770b8dd elementor-widget elementor-widget-text-editor\" data-id=\"770b8dd\" data-element_type=\"widget\" data-widget_type=\"text-editor.default\">\n\t\t\t\t<div class=\"elementor-widget-container\">\n\t\t\t\t\t\t\t\t\t<div id=\"content-inspection-panel\" class=\"raw_components--panel--YDedw inspect_panels--inspectionPanel--o9CfO\" tabindex=\"-1\" data-testid=\"content-inspection-panel\"><div><div class=\"inspect_panels--copyableRow--ecLWm inspect_panels--highlightRow--BeZQJ ellipsis--ellipsis--70pHK\"><div class=\"inspect_panels--propertyRowContent--qvupJ inspect_panels--copyableRow--ecLWm inspect_panels--highlightRow--BeZQJ ellipsis--ellipsis--70pHK\"><div class=\"inspect_panels--contentProperty--McE5j text--fontPos11--rO47d text--_fontBase--VaHfk ellipsis--ellipsisAfter8Lines--2JTeB ellipsis--_ellipsisAfterNLines--5f-ox\" dir=\"auto\">Je suis un chef \u00e0 la \u2028recherche d\u2019opportunit\u00e9s<\/div><\/div><\/div><\/div><\/div>\t\t\t\t\t\t\t\t<\/div>\n\t\t\t\t<\/div>\n\t\t\t\t<div class=\"elementor-element elementor-element-cea5e44 elementor-align-center elementor-invisible elementor-widget elementor-widget-button\" data-id=\"cea5e44\" data-element_type=\"widget\" data-settings=\"{&quot;_animation&quot;:&quot;fadeInUp&quot;}\" data-no-translation=\"\" data-widget_type=\"button.default\">\n\t\t\t\t<div class=\"elementor-widget-container\">\n\t\t\t\t\t<style>.elementor-element-cea5e44{display:none !important}<\/style>\t\t\t\t<\/div>\n\t\t\t\t<\/div>\n\t\t\t\t<div class=\"elementor-element elementor-element-200e1d6 elementor-align-center elementor-invisible elementor-widget elementor-widget-button\" data-id=\"200e1d6\" data-element_type=\"widget\" data-settings=\"{&quot;_animation&quot;:&quot;fadeInUp&quot;}\" data-no-translation=\"\" data-widget_type=\"button.default\">\n\t\t\t\t<div class=\"elementor-widget-container\">\n\t\t\t\t\t\t\t\t\t<div class=\"elementor-button-wrapper\">\n\t\t\t\t\t<a class=\"elementor-button elementor-button-link elementor-size-sm\" href=\"https:\/\/5yjanvut6c9.typeform.com\/to\/fLzX3I32\">\n\t\t\t\t\t\t<span class=\"elementor-button-content-wrapper\">\n\t\t\t\t\t\t\t\t\t<span class=\"elementor-button-text\">Remplissez le\u2028formulaire<\/span>\n\t\t\t\t\t<\/span>\n\t\t\t\t\t<\/a>\n\t\t\t\t<\/div>\n\t\t\t\t\t\t\t\t<\/div>\n\t\t\t\t<\/div>\n\t\t\t\t\t<\/div>\n\t\t\t\t<\/div>\n\t\t\t\t<\/div>\n\t\t\t\t<\/div>\n\t\t\t\t<\/div>","protected":false},"excerpt":{"rendered":"<p>L\u2019\u00c9CLOS: A talented and flexible community of international Chefs dedicated to seamlessly accompany you, wherever your aspirations may soar Are you looking to craft innovative recipes or revamp your menu? Inject a fresh touch into your culinary offerings with our creative solutions. Having access to high-quality creativity has never been more convenient! To benefit from [&hellip;]<\/p>\n","protected":false},"author":1,"featured_media":0,"parent":0,"menu_order":0,"comment_status":"closed","ping_status":"closed","template":"elementor_header_footer","meta":{"footnotes":""},"class_list":["post-328","page","type-page","status-publish","hentry"],"_links":{"self":[{"href":"https:\/\/leclosparis.com\/fr\/wp-json\/wp\/v2\/pages\/328","targetHints":{"allow":["GET"]}}],"collection":[{"href":"https:\/\/leclosparis.com\/fr\/wp-json\/wp\/v2\/pages"}],"about":[{"href":"https:\/\/leclosparis.com\/fr\/wp-json\/wp\/v2\/types\/page"}],"author":[{"embeddable":true,"href":"https:\/\/leclosparis.com\/fr\/wp-json\/wp\/v2\/users\/1"}],"replies":[{"embeddable":true,"href":"https:\/\/leclosparis.com\/fr\/wp-json\/wp\/v2\/comments?post=328"}],"version-history":[{"count":251,"href":"https:\/\/leclosparis.com\/fr\/wp-json\/wp\/v2\/pages\/328\/revisions"}],"predecessor-version":[{"id":1571,"href":"https:\/\/leclosparis.com\/fr\/wp-json\/wp\/v2\/pages\/328\/revisions\/1571"}],"wp:attachment":[{"href":"https:\/\/leclosparis.com\/fr\/wp-json\/wp\/v2\/media?parent=328"}],"curies":[{"name":"wp","href":"https:\/\/api.w.org\/{rel}","templated":true}]}}